{"id":5666801,"date":"2019-04-24T19:14:06","date_gmt":"2019-04-24T17:14:06","guid":{"rendered":"https:\/\/www.cocorico-porto.pt\/offres-packages-copy\/"},"modified":"2024-01-30T13:09:15","modified_gmt":"2024-01-30T12:09:15","slug":"coffrets-cadeaux","status":"publish","type":"page","link":"https:\/\/www.cocoricoporto.com\/fr\/coffrets-cadeaux\/","title":{"rendered":"Coffrets Cadeaux"},"content":{"rendered":"[vc_row full_width=\u00a0\u00bbstretch_row_content_no_spaces\u00a0\u00bb disable_element=\u00a0\u00bbyes\u00a0\u00bb][vc_column][rev_slider_vc alias=\u00a0\u00bbcoffrets-cadeaux\u00a0\u00bb][\/vc_column][\/vc_row][vc_row full_width=\u00a0\u00bbstretch_row_content_no_spaces\u00a0\u00bb full_height=\u00a0\u00bbyes\u00a0\u00bb parallax=\u00a0\u00bbcontent-moving\u00a0\u00bb parallax_image=\u00a0\u00bb5669150&Prime; parallax_speed_bg=\u00a0\u00bb1&Prime;][vc_column]<div class=\"norebro-heading-sc heading gift-page-title text-center\"\n\tid=\"norebro-custom-69f428466c9ab\" \n\t \n\t>\n\t\n\t\n\t\n\t<h1 class=\"title\">\n\t\tCoffrets cadeaux\t<\/h1>\n\n\t\n\t\t\t<p class=\"subtitle\">\n\t\t\t\t\t<\/p>\n\t\t\n<\/div><div class=\"norebro-text-sc gift-text-banner\" \n\tid=\"norebro-custom-69f428466cb16\" \n\t \n\t>\n\n\t<p style=\"text-align: center;\">Coffrets cadeaux<\/p>\n\t\n<\/div>[vc_raw_html]JTNDaW1nJTIwc3JjJTNEJTIyaHR0cHMlM0ElMkYlMkZzMy1ldS1jZW50cmFsLTEuYW1hem9uYXdzLmNvbSUyRmJvd28tbWVkaWElMkZwd2FfY2FyZCUyRmY3NTU4YjJmLTEyZWEtNDc3Zi1hOWJmLTA4YzExMjkzMmY1OC5naWYlMjIlMjBzdHlsZSUzRCUyMmRpc3BsYXklM0ElMjBibG9jayUzQiUyMG1hcmdpbi1sZWZ0JTNBJTIwYXV0byUzQiUyMG1hcmdpbi1yaWdodCUzQSUyMGF1dG8lM0IlMjB3aWR0aCUzQTEwMHB4JTNCJTIyJTIwb25jbGljayUzRCUyMnNtb290aFNjcm9sbCUyOCUyNyUyM2dpZnQtY29udGVudCUyNyUyOSUyMiUzRQ==[\/vc_raw_html][\/vc_column][\/vc_row][vc_row css_animation=\u00a0\u00bbnone\u00a0\u00bb el_id=\u00a0\u00bbgift-content\u00a0\u00bb][vc_column][vc_row_inner][vc_column_inner]<div class=\"norebro-heading-sc heading text-center\"\n\tid=\"norebro-custom-69f428466cc19\" \n\t \n\t>\n\t\n\t\n\t\n\t<h2 class=\"title\">\n\t\tMill\u00e9sime Porto\t<\/h2>\n\n\t\n\t\t\t<p class=\"subtitle\">\n\t\t\t\t\t<\/p>\n\t\t\n<\/div>[vc_empty_space height=\u00a0\u00bb20px\u00a0\u00bb]<div class=\"norebro-heading-sc heading text-center\"\n\tid=\"norebro-custom-69f428466cd2c\" \n\t \n\t>\n\t\n\t\n\t\n\t<h3 class=\"title\">\n\t\tMontrer votre affection avec Mill\u00e9sime\t<\/h3>\n\n\t\n\t\t\t<p class=\"subtitle\">\n\t\t\t\t\t<\/p>\n\t\t\n<\/div>[vc_empty_space height=\u00a0\u00bb20px\u00a0\u00bb]<div class=\"norebro-text-sc \" \n\tid=\"norebro-custom-69f428466ce4d\" \n\t \n\t>\n\n\t<p style=\"text-align: center;\">Les animations et exp\u00e9riences propos\u00e9s par notre Maison Mill\u00e9sime au c\u0153ur de Porto offrent une v\u00e9ritable parenth\u00e8se, dans un lieu intimiste et chaleureux.<\/p>\n\t\n<\/div>[vc_empty_space height=\u00a0\u00bb20px\u00a0\u00bb][\/vc_column_inner][\/vc_row_inner][\/vc_column][\/vc_row][vc_row css_animation=\u00a0\u00bbnone\u00a0\u00bb][vc_column][vc_row_inner][vc_column_inner width=\u00a0\u00bb1\/2&Prime;][vc_single_image image=\u00a0\u00bb5670747&Prime; img_size=\u00a0\u00bbfull\u00a0\u00bb alignment=\u00a0\u00bbcenter\u00a0\u00bb][vc_empty_space height=\u00a0\u00bb40px\u00a0\u00bb][vc_btn title=\u00a0\u00bbOffrir un coffret cadeau Cocorico\u00a0\u00bb style=\u00a0\u00bboutline\u00a0\u00bb shape=\u00a0\u00bbsquare\u00a0\u00bb color=\u00a0\u00bbinverse\u00a0\u00bb size=\u00a0\u00bblg\u00a0\u00bb align=\u00a0\u00bbcenter\u00a0\u00bb link=\u00a0\u00bburl:https%3A%2F%2Fcocorico-porto.bonkdo.com%2Ffr%2F|title:Offrir%20un%20coffret%20cadeau%20||\u00a0\u00bb][\/vc_column_inner][vc_column_inner width=\u00a0\u00bb1\/2&Prime;][vc_single_image image=\u00a0\u00bb5670744&Prime; img_size=\u00a0\u00bbfull\u00a0\u00bb alignment=\u00a0\u00bbcenter\u00a0\u00bb][vc_empty_space height=\u00a0\u00bb40px\u00a0\u00bb][vc_btn title=\u00a0\u00bbOffrir un coffret cadeau Mill\u00e9sime\u00a0\u00bb style=\u00a0\u00bboutline\u00a0\u00bb shape=\u00a0\u00bbsquare\u00a0\u00bb color=\u00a0\u00bbinverse\u00a0\u00bb size=\u00a0\u00bblg\u00a0\u00bb align=\u00a0\u00bbcenter\u00a0\u00bb link=\u00a0\u00bburl:https%3A%2F%2Fmillesime-collection.bonkdo.com%2Ffr%2Fnetworkvouchers%2F|title:Offrir%20un%20ch%C3%A8que%20cadeau%20Mill%C3%A9sime||\u00a0\u00bb][\/vc_column_inner][\/vc_row_inner][vc_empty_space height=\u00a0\u00bb40px\u00a0\u00bb]<div class=\"norebro-heading-sc heading text-center\"\n\tid=\"norebro-custom-69f428466cf38\" \n\t \n\t>\n\t\n\t\n\t\n\t<h2 class=\"title\">\n\t\tOffrez un s\u00e9jour \u00e0 Porto ou une autre destination Mill\u00e9sime\t<\/h2>\n\n\t\n\t\t\t<p class=\"subtitle\">\n\t\t\t\t\t<\/p>\n\t\t\n<\/div>[vc_empty_space height=\u00a0\u00bb20px\u00a0\u00bb]<div class=\"norebro-heading-sc heading text-center\"\n\tid=\"norebro-custom-69f428466d040\" \n\t \n\t>\n\t\n\t\n\t\n\t<h3 class=\"title\">\n\t\tDes exp\u00e9riences d'exception avec Mill\u00e9sime\t<\/h3>\n\n\t\n\t\t\t<p class=\"subtitle\">\n\t\t\t\t\t<\/p>\n\t\t\n<\/div>[vc_empty_space height=\u00a0\u00bb20px\u00a0\u00bb]<div class=\"norebro-text-sc \" \n\tid=\"norebro-custom-69f428466d167\" \n\t \n\t>\n\n\t<p style=\"text-align: center;\">Le Groupe Mill\u00e9sime vous propose des coffrets cadeaux d&rsquo;exception, le plaisir d&rsquo;offrir sous sa plus belle \u00e9tiquette !<\/p>\n<p style=\"text-align: center;\">Ces coffrets et leurs activit\u00e9s sont valables uniquement dans notre Maison. De Porto, en passant par La Champagne, Meg\u00e8ve pour finir \u00e0 Bordeaux, d\u00e9couvrez tous les \u00e9tablissements fran\u00e7ais et \u00e9trangers au fur et \u00e0 mesure de vos envies &#8230;<br \/>\nNos coffrets cadeaux sont valables un an, \u00e0 partir de leur date d&rsquo;\u00e9mission de ce dernier.<\/p>\n<p style=\"text-align: center;\">Vous pouvez les commander en ligne sur le site Mill\u00e9sime ou les demander directement \u00e0 la r\u00e9ception de Cocorico.<\/p>\n\t\n<\/div>[\/vc_column][\/vc_row][vc_row][vc_column][vc_raw_js]JTNDc2NyaXB0JTNFJTIwJTIwJTIwJTIwJTIwJTIwJTIwJTIwJTIwJTBBJTIwJTIwJTIwJTIwJTIwJTIwJTIwJTIwZnVuY3Rpb24lMjBzbW9vdGhTY3JvbGwlMjh0YXJnZXQlMjklMjAlN0IlMEElMjAlMjAlMjAlMjAlMjAlMjAlMjAlMjAlMjAlMjAlMjAlMjB2YXIlMjBlbGVtZW50JTIwJTNEJTIwZG9jdW1lbnQucXVlcnlTZWxlY3RvciUyOHRhcmdldCUyOSUzQiUwQSUyMCUyMCUyMCUyMCUyMCUyMCUyMCUyMCUyMCUyMCUyMCUyMHdpbmRvdy5zY3JvbGxUbyUyOCU3QiUwQSUyMCUyMCUyMCUyMCUyMCUyMCUyMCUyMCUyMCUyMCUyMCUyMCUyMCUyMCUyMCUyMGJlaGF2aW9yJTNBJTIwJTI3c21vb3RoJTI3JTJDJTBBJTIwJTIwJTIwJTIwJTIwJTIwJTIwJTIwJTIwJTIwJTIwJTIwJTIwJTIwJTIwJTIwdG9wJTNBJTIwZWxlbWVudC5vZmZzZXRUb3AlMEElMjAlMjAlMjAlMjAlMjAlMjAlMjAlMjAlMjAlMjAlMjAlMjAlN0QlMjklM0IlMEElMjAlMjAlMjAlMjAlMjAlMjAlMjAlMjAlN0QlMEElM0MlMkZzY3JpcHQlM0U=[\/vc_raw_js][\/vc_column][\/vc_row][vc_row][vc_column][vc_raw_html]JTNDZGl2JTIwaWQlM0QlMjJteU1vZGFsJTIyJTIwc3R5bGUlM0QlMjJ6LWluZGV4JTNBJTIwMTAwMDAlM0IlMjBkaXNwbGF5JTNBJTIwbm9uZSUzQiUyMHBvc2l0aW9uJTNBJTIwZml4ZWQlM0IlMjB0b3AlM0ElMjAwJTNCJTIwbGVmdCUzQSUyMDAlM0IlMjB3aWR0aCUzQSUyMDEwMCUyNSUzQiUyMGhlaWdodCUzQSUyMDEwMCUyNSUzQiUyMGJhY2tncm91bmQtY29sb3IlM0ElMjByZ2JhJTI4MCUyQzAlMkMwJTJDMC41JTI5JTNCJTIwanVzdGlmeS1jb250ZW50JTNBJTIwY2VudGVyJTNCJTIwYWxpZ24taXRlbXMlM0ElMjBjZW50ZXIlM0IlMjIlM0UlMEElMjAlMjAlM0NkaXYlMjBzdHlsZSUzRCUyMmJhY2tncm91bmQtY29sb3IlM0ElMjAlMjNmZmYlM0IlMjBwYWRkaW5nJTNBJTIwMjBweCUzQiUyMGJvcmRlci1yYWRpdXMlM0ElMjA1cHglM0IlMjIlM0UlMEElMjAlMjAlMjAlMjAlM0NkaXYlMjBjbGFzcyUzRCUyMnZjX2J0bjMtY29udGFpbmVyJTIwdmNfYnRuMy1jZW50ZXIlMjIlM0UlMEElMjAlMjAlMjAlMjAlMjAlMjAlM0NhJTIwY2xhc3MlM0QlMjJ2Y19nZW5lcmFsJTIwdmNfYnRuMyUyMHZjX2J0bjMtc2l6ZS1tZCUyMHZjX2J0bjMtc2hhcGUtc3F1YXJlJTIwdmNfYnRuMy1zdHlsZS1tb2Rlcm4lMjB2Y19idG4zLWJsb2NrJTIwdmNfYnRuMy1jb2xvci1pbnZlcnNlJTIyJTIwaHJlZiUzRCUyMmh0dHBzJTNBJTJGJTJGd3d3LnNlY3VyZS1ob3RlbC1ib29raW5nLmNvbSUyRkhvdGVsLUNvY29yaWNvJTJGMlFNVCUyRmZyLUZSJTJGJTNGX2dhJTNEMi45OTk0Njc4Mi4xNDU4MjIxNTQ5LjE3MDQ3MDY4MDAtNTk0NTgxMDY2LjE2ODI2MDEzMjElMjZhbXAlM0JfZ2FjJTNEMS4xNTU0NTc5Ni4xNzA0ODgyOTAwLkNqMEtDUWlBbmZtc0JoRGZBUklzQU03TUtpM0xMUzBsWjV5MXZWdDdnU3ZGRUVaZDkxc3lJSTc4Ym1ZekJvRnlNMGFDWDdaNjF6MS1WUndhQW9PcEVBTHdfd2NCJTIyJTIwdGFyZ2V0JTNEJTIyJUUyJTgwJTlEX2JsYW5rJUUyJTgwJTlEJTIyJTIwdGl0bGUlM0QlMjJicmluZG9zJTIyJTIwcmVsJTNEJTIybm9vcGVuZXIlMjIlM0VSRVNFUlZFUiUyMFVOJTIwU0VKT1VSJTBBJTIwJTIwJTIwJTIwJTIwJTIwJTNDJTJGYSUzRSUwQSUyMCUyMCUyMCUyMCUzQyUyRmRpdiUzRSUwQSUyMCUyMCUyMCUyMCUzQ2RpdiUyMGNsYXNzJTNEJTIydmNfYnRuMy1jb250YWluZXIlMjB2Y19idG4zLWNlbnRlciUyMiUzRSUwQSUyMCUyMCUyMCUyMCUyMCUyMCUzQ2ElMjBjbGFzcyUzRCUyMnZjX2dlbmVyYWwlMjB2Y19idG4zJTIwdmNfYnRuMy1zaXplLW1kJTIwdmNfYnRuMy1zaGFwZS1zcXVhcmUlMjB2Y19idG4zLXN0eWxlLW1vZGVybiUyMHZjX2J0bjMtYmxvY2slMjB2Y19idG4zLWNvbG9yLWludmVyc2UlMjIlMjBocmVmJTNEJTIyaHR0cHMlM0ElMkYlMkZib29raW5ncy56ZW5jaGVmLmNvbSUyRnJlc3VsdHMlM0ZyaWQlM0QzNjAzMjMlMjZhbXAlM0JmdWxsc2NyZWVuJTNEMSUyNmFtcCUzQmxhbmclM0RmciUyMiUyMHRhcmdldCUzRCUyMiVFMiU4MCU5RF9ibGFuayVFMiU4MCU5RCUyMiUyMHRpdGxlJTNEJTIyTGUlMjByZXN0YXVyYW50JTIyJTIwcmVsJTNEJTIybm9vcGVuZXIlMjIlM0UlMjBSRVNFUlZFUiUyMEFVJTIwUkVTVEFVUkFOVCUzQyUyRmElM0UlMEElMjAlMjAlMjAlMjAlM0MlMkZkaXYlM0UlMEElMjAlMjAlMjAlMjAlM0NidXR0b24lMjBpZCUzRCUyMmNsb3NlTW9kYWwlMjIlMjBvbmNsaWNrJTNEJTIyZG9jdW1lbnQuZ2V0RWxlbWVudEJ5SWQlMjglMjdteU1vZGFsJTI3JTI5LnN0eWxlLmRpc3BsYXklMjAlM0QlMjAlMjdub25lJTI3JTNCJTIyJTNFRmVybWVyJTNDJTJGYnV0dG9uJTNFJTBBJTIwJTIwJTNDJTJGZGl2JTNFJTBBJTNDJTJGZGl2JTNFJTBBJTBBJTNDc2NyaXB0JTNFJTBBJTIwJTIwZnVuY3Rpb24lMjBvcGVuTW9kYWwlMjhldmVudCUyOSUyMCU3QiUwQSUyMCUyMCUyMCUyMCUyRiUyRiUyMEVtcCVDMyVBQWNoZXIlMjBsZSUyMGxpZW4lMjBkZSUyMHJlZGlyaWdlciUyMHZlcnMlMjB1bmUlMjBhdXRyZSUyMHBhZ2UlMEElMjAlMjAlMjAlMjBldmVudC5wcmV2ZW50RGVmYXVsdCUyOCUyOSUzQiUwQSUyMCUyMCUyMCUyMCUyRiUyRiUyME91dnJpciUyMGxhJTIwbW9kYWxlJTBBJTIwJTIwJTIwJTIwZG9jdW1lbnQuZ2V0RWxlbWVudEJ5SWQlMjglMjdteU1vZGFsJTI3JTI5LnN0eWxlLmRpc3BsYXklMjAlM0QlMjAlMjdmbGV4JTI3JTNCJTBBJTIwJTIwJTdEJTBBJTIwJTIwJTJGJTJGJTIwQXBwZWxlciUyMGxhJTIwZm9uY3Rpb24lMjBwb3VyJTIwb3V2cmlyJTIwbGElMjBtb2RhbGUlMjBsb3JzcXUlMjdvbiUyMGNsaXF1ZSUyMHN1ciUyMGxlJTIwcHJlbWllciUyMCVDMyVBOWwlQzMlQTltZW50JTIwZGUlMjBjbGFzc2UlMjBidG4tbWlsbGVzaW1lJTBBJTIwJTIwZG9jdW1lbnQucXVlcnlTZWxlY3RvciUyOCUyNy5idG4tbWlsbGVzaW1lJTI3JTI5LmFkZEV2ZW50TGlzdGVuZXIlMjglMjdjbGljayUyNyUyQyUyMG9wZW5Nb2RhbCUyOSUzQiUwQSUzQyUyRnNjcmlwdCUzRSUwQQ==[\/vc_raw_html][\/vc_column][\/vc_row][vc_row full_width=\u00a0\u00bbstretch_row_content_no_spaces\u00a0\u00bb][vc_column][vc_empty_space height=\u00a0\u00bb40px\u00a0\u00bb][\/vc_column][\/vc_row]\n","protected":false},"excerpt":{"rendered":"<p>[vc_row full_width=\u00a0\u00bbstretch_row_content_no_spaces\u00a0\u00bb disable_element=\u00a0\u00bbyes\u00a0\u00bb][vc_column][rev_slider_vc alias=\u00a0\u00bbcoffrets-cadeaux\u00a0\u00bb][\/vc_column][\/vc_row][vc_row full_width=\u00a0\u00bbstretch_row_content_no_spaces\u00a0\u00bb full_height=\u00a0\u00bbyes\u00a0\u00bb parallax=\u00a0\u00bbcontent-moving\u00a0\u00bb parallax_image=\u00a0\u00bb5669150&Prime; parallax_speed_bg=\u00a0\u00bb1&Prime;][vc_column][vc_raw_html]JTNDaW1nJTIwc3JjJTNEJTIyaHR0cHMlM0ElMkYlMkZzMy1ldS1jZW50cmFsLTEuYW1hem9uYXdzLmNvbSUyRmJvd28tbWVkaWElMkZwd2FfY2FyZCUyRmY3NTU4YjJmLTEyZWEtNDc3Zi1hOWJmLTA4YzExMjkzMmY1OC5naWYlMjIlMjBzdHlsZSUzRCUyMmRpc3BsYXklM0ElMjBibG9jayUzQiUyMG1hcmdpbi1sZWZ0JTNBJTIwYXV0byUzQiUyMG1hcmdpbi1yaWdodCUzQSUyMGF1dG8lM0IlMjB3aWR0aCUzQTEwMHB4JTNCJTIyJTIwb25jbGljayUzRCUyMnNtb290aFNjcm9sbCUyOCUyNyUyM2dpZnQtY29udGVudCUyNyUyOSUyMiUzRQ==[\/vc_raw_html][\/vc_column][\/vc_row][vc_row css_animation=\u00a0\u00bbnone\u00a0\u00bb el_id=\u00a0\u00bbgift-content\u00a0\u00bb][vc_column][vc_row_inner][vc_column_inner][vc_empty_space height=\u00a0\u00bb20px\u00a0\u00bb][vc_empty_space height=\u00a0\u00bb20px\u00a0\u00bb][vc_empty_space height=\u00a0\u00bb20px\u00a0\u00bb][\/vc_column_inner][\/vc_row_inner][\/vc_column][\/vc_row][vc_row css_animation=\u00a0\u00bbnone\u00a0\u00bb][vc_column][vc_row_inner][vc_column_inner width=\u00a0\u00bb1\/2&Prime;][vc_single_image image=\u00a0\u00bb5670747&Prime; img_size=\u00a0\u00bbfull\u00a0\u00bb alignment=\u00a0\u00bbcenter\u00a0\u00bb][vc_empty_space height=\u00a0\u00bb40px\u00a0\u00bb][vc_btn title=\u00a0\u00bbOffrir un coffret cadeau Cocorico\u00a0\u00bb style=\u00a0\u00bboutline\u00a0\u00bb shape=\u00a0\u00bbsquare\u00a0\u00bb color=\u00a0\u00bbinverse\u00a0\u00bb size=\u00a0\u00bblg\u00a0\u00bb align=\u00a0\u00bbcenter\u00a0\u00bb link=\u00a0\u00bburl:https%3A%2F%2Fcocorico-porto.bonkdo.com%2Ffr%2F|title:Offrir%20un%20coffret%20cadeau%20||\u00a0\u00bb][\/vc_column_inner][vc_column_inner width=\u00a0\u00bb1\/2&Prime;][vc_single_image image=\u00a0\u00bb5670744&Prime; img_size=\u00a0\u00bbfull\u00a0\u00bb alignment=\u00a0\u00bbcenter\u00a0\u00bb][vc_empty_space height=\u00a0\u00bb40px\u00a0\u00bb][vc_btn title=\u00a0\u00bbOffrir un coffret cadeau Mill\u00e9sime\u00a0\u00bb style=\u00a0\u00bboutline\u00a0\u00bb shape=\u00a0\u00bbsquare\u00a0\u00bb color=\u00a0\u00bbinverse\u00a0\u00bb size=\u00a0\u00bblg\u00a0\u00bb align=\u00a0\u00bbcenter\u00a0\u00bb link=\u00a0\u00bburl:https%3A%2F%2Fmillesime-collection.bonkdo.com%2Ffr%2Fnetworkvouchers%2F|title:Offrir%20un%20ch%C3%A8que%20cadeau%20Mill%C3%A9sime||\u00a0\u00bb][\/vc_column_inner][\/vc_row_inner][vc_empty_space height=\u00a0\u00bb40px\u00a0\u00bb][vc_empty_space height=\u00a0\u00bb20px\u00a0\u00bb][vc_empty_space height=\u00a0\u00bb20px\u00a0\u00bb][\/vc_column][\/vc_row][vc_row][vc_column][vc_raw_js]JTNDc2NyaXB0JTNFJTIwJTIwJTIwJTIwJTIwJTIwJTIwJTIwJTIwJTBBJTIwJTIwJTIwJTIwJTIwJTIwJTIwJTIwZnVuY3Rpb24lMjBzbW9vdGhTY3JvbGwlMjh0YXJnZXQlMjklMjAlN0IlMEElMjAlMjAlMjAlMjAlMjAlMjAlMjAlMjAlMjAlMjAlMjAlMjB2YXIlMjBlbGVtZW50JTIwJTNEJTIwZG9jdW1lbnQucXVlcnlTZWxlY3RvciUyOHRhcmdldCUyOSUzQiUwQSUyMCUyMCUyMCUyMCUyMCUyMCUyMCUyMCUyMCUyMCUyMCUyMHdpbmRvdy5zY3JvbGxUbyUyOCU3QiUwQSUyMCUyMCUyMCUyMCUyMCUyMCUyMCUyMCUyMCUyMCUyMCUyMCUyMCUyMCUyMCUyMGJlaGF2aW9yJTNBJTIwJTI3c21vb3RoJTI3JTJDJTBBJTIwJTIwJTIwJTIwJTIwJTIwJTIwJTIwJTIwJTIwJTIwJTIwJTIwJTIwJTIwJTIwdG9wJTNBJTIwZWxlbWVudC5vZmZzZXRUb3AlMEElMjAlMjAlMjAlMjAlMjAlMjAlMjAlMjAlMjAlMjAlMjAlMjAlN0QlMjklM0IlMEElMjAlMjAlMjAlMjAlMjAlMjAlMjAlMjAlN0QlMEElM0MlMkZzY3JpcHQlM0U=[\/vc_raw_js][\/vc_column][\/vc_row][vc_row][vc_column][vc_raw_html]JTNDZGl2JTIwaWQlM0QlMjJteU1vZGFsJTIyJTIwc3R5bGUlM0QlMjJ6LWluZGV4JTNBJTIwMTAwMDAlM0IlMjBkaXNwbGF5JTNBJTIwbm9uZSUzQiUyMHBvc2l0aW9uJTNBJTIwZml4ZWQlM0IlMjB0b3AlM0ElMjAwJTNCJTIwbGVmdCUzQSUyMDAlM0IlMjB3aWR0aCUzQSUyMDEwMCUyNSUzQiUyMGhlaWdodCUzQSUyMDEwMCUyNSUzQiUyMGJhY2tncm91bmQtY29sb3IlM0ElMjByZ2JhJTI4MCUyQzAlMkMwJTJDMC41JTI5JTNCJTIwanVzdGlmeS1jb250ZW50JTNBJTIwY2VudGVyJTNCJTIwYWxpZ24taXRlbXMlM0ElMjBjZW50ZXIlM0IlMjIlM0UlMEElMjAlMjAlM0NkaXYlMjBzdHlsZSUzRCUyMmJhY2tncm91bmQtY29sb3IlM0ElMjAlMjNmZmYlM0IlMjBwYWRkaW5nJTNBJTIwMjBweCUzQiUyMGJvcmRlci1yYWRpdXMlM0ElMjA1cHglM0IlMjIlM0UlMEElMjAlMjAlMjAlMjAlM0NkaXYlMjBjbGFzcyUzRCUyMnZjX2J0bjMtY29udGFpbmVyJTIwdmNfYnRuMy1jZW50ZXIlMjIlM0UlMEElMjAlMjAlMjAlMjAlMjAlMjAlM0NhJTIwY2xhc3MlM0QlMjJ2Y19nZW5lcmFsJTIwdmNfYnRuMyUyMHZjX2J0bjMtc2l6ZS1tZCUyMHZjX2J0bjMtc2hhcGUtc3F1YXJlJTIwdmNfYnRuMy1zdHlsZS1tb2Rlcm4lMjB2Y19idG4zLWJsb2NrJTIwdmNfYnRuMy1jb2xvci1pbnZlcnNlJTIyJTIwaHJlZiUzRCUyMmh0dHBzJTNBJTJGJTJGd3d3LnNlY3VyZS1ob3RlbC1ib29raW5nLmNvbSUyRkhvdGVsLUNvY29yaWNvJTJGMlFNVCUyRmZyLUZSJTJGJTNGX2dhJTNEMi45OTk0Njc4Mi4xNDU4MjIxNTQ5LjE3MDQ3MDY4MDAtNTk0NTgxMDY2LjE2ODI2MDEzMjElMjZhbXAlM0JfZ2FjJTNEMS4xNTU0NTc5Ni4xNzA0ODgyOTAwLkNqMEtDUWlBbmZtc0JoRGZBUklzQU03TUtpM0xMUzBsWjV5MXZWdDdnU3ZGRUVaZDkxc3lJSTc4Ym1ZekJvRnlNMGFDWDdaNjF6MS1WUndhQW9PcEVBTHdfd2NCJTIyJTIwdGFyZ2V0JTNEJTIyJUUyJTgwJTlEX2JsYW5rJUUyJTgwJTlEJTIyJTIwdGl0bGUlM0QlMjJicmluZG9zJTIyJTIwcmVsJTNEJTIybm9vcGVuZXIlMjIlM0VSRVNFUlZFUiUyMFVOJTIwU0VKT1VSJTBBJTIwJTIwJTIwJTIwJTIwJTIwJTNDJTJGYSUzRSUwQSUyMCUyMCUyMCUyMCUzQyUyRmRpdiUzRSUwQSUyMCUyMCUyMCUyMCUzQ2RpdiUyMGNsYXNzJTNEJTIydmNfYnRuMy1jb250YWluZXIlMjB2Y19idG4zLWNlbnRlciUyMiUzRSUwQSUyMCUyMCUyMCUyMCUyMCUyMCUzQ2ElMjBjbGFzcyUzRCUyMnZjX2dlbmVyYWwlMjB2Y19idG4zJTIwdmNfYnRuMy1zaXplLW1kJTIwdmNfYnRuMy1zaGFwZS1zcXVhcmUlMjB2Y19idG4zLXN0eWxlLW1vZGVybiUyMHZjX2J0bjMtYmxvY2slMjB2Y19idG4zLWNvbG9yLWludmVyc2UlMjIlMjBocmVmJTNEJTIyaHR0cHMlM0ElMkYlMkZib29raW5ncy56ZW5jaGVmLmNvbSUyRnJlc3VsdHMlM0ZyaWQlM0QzNjAzMjMlMjZhbXAlM0JmdWxsc2NyZWVuJTNEMSUyNmFtcCUzQmxhbmclM0RmciUyMiUyMHRhcmdldCUzRCUyMiVFMiU4MCU5RF9ibGFuayVFMiU4MCU5RCUyMiUyMHRpdGxlJTNEJTIyTGUlMjByZXN0YXVyYW50JTIyJTIwcmVsJTNEJTIybm9vcGVuZXIlMjIlM0UlMjBSRVNFUlZFUiUyMEFVJTIwUkVTVEFVUkFOVCUzQyUyRmElM0UlMEElMjAlMjAlMjAlMjAlM0MlMkZkaXYlM0UlMEElMjAlMjAlMjAlMjAlM0NidXR0b24lMjBpZCUzRCUyMmNsb3NlTW9kYWwlMjIlMjBvbmNsaWNrJTNEJTIyZG9jdW1lbnQuZ2V0RWxlbWVudEJ5SWQlMjglMjdteU1vZGFsJTI3JTI5LnN0eWxlLmRpc3BsYXklMjAlM0QlMjAlMjdub25lJTI3JTNCJTIyJTNFRmVybWVyJTNDJTJGYnV0dG9uJTNFJTBBJTIwJTIwJTNDJTJGZGl2JTNFJTBBJTNDJTJGZGl2JTNFJTBBJTBBJTNDc2NyaXB0JTNFJTBBJTIwJTIwZnVuY3Rpb24lMjBvcGVuTW9kYWwlMjhldmVudCUyOSUyMCU3QiUwQSUyMCUyMCUyMCUyMCUyRiUyRiUyMEVtcCVDMyVBQWNoZXIlMjBsZSUyMGxpZW4lMjBkZSUyMHJlZGlyaWdlciUyMHZlcnMlMjB1bmUlMjBhdXRyZSUyMHBhZ2UlMEElMjAlMjAlMjAlMjBldmVudC5wcmV2ZW50RGVmYXVsdCUyOCUyOSUzQiUwQSUyMCUyMCUyMCUyMCUyRiUyRiUyME91dnJpciUyMGxhJTIwbW9kYWxlJTBBJTIwJTIwJTIwJTIwZG9jdW1lbnQuZ2V0RWxlbWVudEJ5SWQlMjglMjdteU1vZGFsJTI3JTI5LnN0eWxlLmRpc3BsYXklMjAlM0QlMjAlMjdmbGV4JTI3JTNCJTBBJTIwJTIwJTdEJTBBJTIwJTIwJTJGJTJGJTIwQXBwZWxlciUyMGxhJTIwZm9uY3Rpb24lMjBwb3VyJTIwb3V2cmlyJTIwbGElMjBtb2RhbGUlMjBsb3JzcXUlMjdvbiUyMGNsaXF1ZSUyMHN1ciUyMGxlJTIwcHJlbWllciUyMCVDMyVBOWwlQzMlQTltZW50JTIwZGUlMjBjbGFzc2UlMjBidG4tbWlsbGVzaW1lJTBBJTIwJTIwZG9jdW1lbnQucXVlcnlTZWxlY3RvciUyOCUyNy5idG4tbWlsbGVzaW1lJTI3JTI5LmFkZEV2ZW50TGlzdGVuZXIlMjglMjdjbGljayUyNyUyQyUyMG9wZW5Nb2RhbCUyOSUzQiUwQSUzQyUyRnNjcmlwdCUzRSUwQQ==[\/vc_raw_html][\/vc_column][\/vc_row][vc_row full_width=\u00a0\u00bbstretch_row_content_no_spaces\u00a0\u00bb][vc_column][vc_empty_space height=\u00a0\u00bb40px\u00a0\u00bb][\/vc_column][\/vc_row]<\/p>\n","protected":false},"author":1,"featured_media":0,"parent":0,"menu_order":0,"comment_status":"closed","ping_status":"closed","template":"","meta":{"inline_featured_image":false},"acf":[],"yoast_head":"<!-- This site is optimized with the Yoast SEO plugin v19.13 - https:\/\/yoast.com\/wordpress\/plugins\/seo\/ -->\n<title>Coffrets Cadeaux - Offrez un s\u00e9jour au coeur de Porto \u00e0 Cocorico<\/title>\n<meta name=\"description\" content=\"Cocorico, h\u00f4tel et restaurant au coeur de Porto, vous propose ses coffrets cadeaux. Une nuit, un d\u00eener ou bien m\u00eame un s\u00e9jour : Le meilleur de Porto !\" \/>\n<meta name=\"robots\" content=\"index, follow, max-snippet:-1, max-image-preview:large, max-video-preview:-1\" \/>\n<link rel=\"canonical\" href=\"https:\/\/www.cocoricoporto.com\/fr\/coffrets-cadeaux\/\" \/>\n<meta property=\"og:locale\" content=\"fr_FR\" \/>\n<meta property=\"og:type\" content=\"article\" \/>\n<meta property=\"og:title\" content=\"Coffrets Cadeaux - Offrez un s\u00e9jour au coeur de Porto \u00e0 Cocorico\" \/>\n<meta property=\"og:description\" content=\"Cocorico, h\u00f4tel et restaurant au coeur de Porto, vous propose ses coffrets cadeaux. Une nuit, un d\u00eener ou bien m\u00eame un s\u00e9jour : Le meilleur de Porto !\" \/>\n<meta property=\"og:url\" content=\"https:\/\/www.cocoricoporto.com\/fr\/coffrets-cadeaux\/\" \/>\n<meta property=\"og:site_name\" content=\"Cocorico - H\u00f4tel &amp; Restaurant \u00e0 Porto au Portugal\" \/>\n<meta property=\"article:publisher\" content=\"https:\/\/www.facebook.com\/DomainedeRabaTalence\/\" \/>\n<meta property=\"article:modified_time\" content=\"2024-01-30T12:09:15+00:00\" \/>\n<meta name=\"twitter:card\" content=\"summary_large_image\" \/>\n<meta name=\"twitter:label1\" content=\"Dur\u00e9e de lecture estim\u00e9e\" \/>\n\t<meta name=\"twitter:data1\" content=\"2 minutes\" \/>\n<script type=\"application\/ld+json\" class=\"yoast-schema-graph\">{\"@context\":\"https:\/\/schema.org\",\"@graph\":[{\"@type\":\"WebPage\",\"@id\":\"https:\/\/www.cocoricoporto.com\/fr\/coffrets-cadeaux\/\",\"url\":\"https:\/\/www.cocoricoporto.com\/fr\/coffrets-cadeaux\/\",\"name\":\"Coffrets Cadeaux - Offrez un s\u00e9jour au coeur de Porto \u00e0 Cocorico\",\"isPartOf\":{\"@id\":\"https:\/\/www.cocoricoporto.com\/fr\/#website\"},\"datePublished\":\"2019-04-24T17:14:06+00:00\",\"dateModified\":\"2024-01-30T12:09:15+00:00\",\"description\":\"Cocorico, h\u00f4tel et restaurant au coeur de Porto, vous propose ses coffrets cadeaux. Une nuit, un d\u00eener ou bien m\u00eame un s\u00e9jour : Le meilleur de Porto !\",\"breadcrumb\":{\"@id\":\"https:\/\/www.cocoricoporto.com\/fr\/coffrets-cadeaux\/#breadcrumb\"},\"inLanguage\":\"fr-FR\",\"potentialAction\":[{\"@type\":\"ReadAction\",\"target\":[\"https:\/\/www.cocoricoporto.com\/fr\/coffrets-cadeaux\/\"]}]},{\"@type\":\"BreadcrumbList\",\"@id\":\"https:\/\/www.cocoricoporto.com\/fr\/coffrets-cadeaux\/#breadcrumb\",\"itemListElement\":[{\"@type\":\"ListItem\",\"position\":1,\"name\":\"Accueil\",\"item\":\"https:\/\/www.cocoricoporto.com\/fr\/\"},{\"@type\":\"ListItem\",\"position\":2,\"name\":\"Coffrets Cadeaux\"}]},{\"@type\":\"WebSite\",\"@id\":\"https:\/\/www.cocoricoporto.com\/fr\/#website\",\"url\":\"https:\/\/www.cocoricoporto.com\/fr\/\",\"name\":\"Cocorico - H\u00f4tel &amp; Restaurant \u00e0 Porto au Portugal\",\"description\":\"\",\"publisher\":{\"@id\":\"https:\/\/www.cocoricoporto.com\/fr\/#organization\"},\"potentialAction\":[{\"@type\":\"SearchAction\",\"target\":{\"@type\":\"EntryPoint\",\"urlTemplate\":\"https:\/\/www.cocoricoporto.com\/fr\/?s={search_term_string}\"},\"query-input\":\"required name=search_term_string\"}],\"inLanguage\":\"fr-FR\"},{\"@type\":\"Organization\",\"@id\":\"https:\/\/www.cocoricoporto.com\/fr\/#organization\",\"name\":\"Cocorico\",\"url\":\"https:\/\/www.cocoricoporto.com\/fr\/\",\"logo\":{\"@type\":\"ImageObject\",\"inLanguage\":\"fr-FR\",\"@id\":\"https:\/\/www.cocoricoporto.com\/fr\/#\/schema\/logo\/image\/\",\"url\":\"\",\"contentUrl\":\"\",\"caption\":\"Cocorico\"},\"image\":{\"@id\":\"https:\/\/www.cocoricoporto.com\/fr\/#\/schema\/logo\/image\/\"},\"sameAs\":[\"https:\/\/www.instagram.com\/domaine_de_raba\/\",\"https:\/\/www.facebook.com\/DomainedeRabaTalence\/\"]}]}<\/script>\n<!-- \/ Yoast SEO plugin. -->","yoast_head_json":{"title":"Coffrets Cadeaux - Offrez un s\u00e9jour au coeur de Porto \u00e0 Cocorico","description":"Cocorico, h\u00f4tel et restaurant au coeur de Porto, vous propose ses coffrets cadeaux. Une nuit, un d\u00eener ou bien m\u00eame un s\u00e9jour : Le meilleur de Porto !","robots":{"index":"index","follow":"follow","max-snippet":"max-snippet:-1","max-image-preview":"max-image-preview:large","max-video-preview":"max-video-preview:-1"},"canonical":"https:\/\/www.cocoricoporto.com\/fr\/coffrets-cadeaux\/","og_locale":"fr_FR","og_type":"article","og_title":"Coffrets Cadeaux - Offrez un s\u00e9jour au coeur de Porto \u00e0 Cocorico","og_description":"Cocorico, h\u00f4tel et restaurant au coeur de Porto, vous propose ses coffrets cadeaux. Une nuit, un d\u00eener ou bien m\u00eame un s\u00e9jour : Le meilleur de Porto !","og_url":"https:\/\/www.cocoricoporto.com\/fr\/coffrets-cadeaux\/","og_site_name":"Cocorico - H\u00f4tel &amp; Restaurant \u00e0 Porto au Portugal","article_publisher":"https:\/\/www.facebook.com\/DomainedeRabaTalence\/","article_modified_time":"2024-01-30T12:09:15+00:00","twitter_card":"summary_large_image","twitter_misc":{"Dur\u00e9e de lecture estim\u00e9e":"2 minutes"},"schema":{"@context":"https:\/\/schema.org","@graph":[{"@type":"WebPage","@id":"https:\/\/www.cocoricoporto.com\/fr\/coffrets-cadeaux\/","url":"https:\/\/www.cocoricoporto.com\/fr\/coffrets-cadeaux\/","name":"Coffrets Cadeaux - Offrez un s\u00e9jour au coeur de Porto \u00e0 Cocorico","isPartOf":{"@id":"https:\/\/www.cocoricoporto.com\/fr\/#website"},"datePublished":"2019-04-24T17:14:06+00:00","dateModified":"2024-01-30T12:09:15+00:00","description":"Cocorico, h\u00f4tel et restaurant au coeur de Porto, vous propose ses coffrets cadeaux. Une nuit, un d\u00eener ou bien m\u00eame un s\u00e9jour : Le meilleur de Porto !","breadcrumb":{"@id":"https:\/\/www.cocoricoporto.com\/fr\/coffrets-cadeaux\/#breadcrumb"},"inLanguage":"fr-FR","potentialAction":[{"@type":"ReadAction","target":["https:\/\/www.cocoricoporto.com\/fr\/coffrets-cadeaux\/"]}]},{"@type":"BreadcrumbList","@id":"https:\/\/www.cocoricoporto.com\/fr\/coffrets-cadeaux\/#breadcrumb","itemListElement":[{"@type":"ListItem","position":1,"name":"Accueil","item":"https:\/\/www.cocoricoporto.com\/fr\/"},{"@type":"ListItem","position":2,"name":"Coffrets Cadeaux"}]},{"@type":"WebSite","@id":"https:\/\/www.cocoricoporto.com\/fr\/#website","url":"https:\/\/www.cocoricoporto.com\/fr\/","name":"Cocorico - H\u00f4tel &amp; Restaurant \u00e0 Porto au Portugal","description":"","publisher":{"@id":"https:\/\/www.cocoricoporto.com\/fr\/#organization"},"potentialAction":[{"@type":"SearchAction","target":{"@type":"EntryPoint","urlTemplate":"https:\/\/www.cocoricoporto.com\/fr\/?s={search_term_string}"},"query-input":"required name=search_term_string"}],"inLanguage":"fr-FR"},{"@type":"Organization","@id":"https:\/\/www.cocoricoporto.com\/fr\/#organization","name":"Cocorico","url":"https:\/\/www.cocoricoporto.com\/fr\/","logo":{"@type":"ImageObject","inLanguage":"fr-FR","@id":"https:\/\/www.cocoricoporto.com\/fr\/#\/schema\/logo\/image\/","url":"","contentUrl":"","caption":"Cocorico"},"image":{"@id":"https:\/\/www.cocoricoporto.com\/fr\/#\/schema\/logo\/image\/"},"sameAs":["https:\/\/www.instagram.com\/domaine_de_raba\/","https:\/\/www.facebook.com\/DomainedeRabaTalence\/"]}]}},"_links":{"self":[{"href":"https:\/\/www.cocoricoporto.com\/fr\/wp-json\/wp\/v2\/pages\/5666801"}],"collection":[{"href":"https:\/\/www.cocoricoporto.com\/fr\/wp-json\/wp\/v2\/pages"}],"about":[{"href":"https:\/\/www.cocoricoporto.com\/fr\/wp-json\/wp\/v2\/types\/page"}],"author":[{"embeddable":true,"href":"https:\/\/www.cocoricoporto.com\/fr\/wp-json\/wp\/v2\/users\/1"}],"replies":[{"embeddable":true,"href":"https:\/\/www.cocoricoporto.com\/fr\/wp-json\/wp\/v2\/comments?post=5666801"}],"version-history":[{"count":7,"href":"https:\/\/www.cocoricoporto.com\/fr\/wp-json\/wp\/v2\/pages\/5666801\/revisions"}],"predecessor-version":[{"id":5671012,"href":"https:\/\/www.cocoricoporto.com\/fr\/wp-json\/wp\/v2\/pages\/5666801\/revisions\/5671012"}],"wp:attachment":[{"href":"https:\/\/www.cocoricoporto.com\/fr\/wp-json\/wp\/v2\/media?parent=5666801"}],"curies":[{"name":"wp","href":"https:\/\/api.w.org\/{rel}","templated":true}]}}