{"id":5667525,"date":"2019-05-02T14:21:56","date_gmt":"2019-05-02T12:21:56","guid":{"rendered":"https:\/\/www.cocorico-porto.pt\/presse-copy\/"},"modified":"2022-12-20T16:46:09","modified_gmt":"2022-12-20T15:46:09","slug":"reservation","status":"publish","type":"page","link":"https:\/\/www.cocoricoporto.com\/fr\/reservation\/","title":{"rendered":"R\u00e9servation"},"content":{"rendered":"[vc_row full_width=\u00a0\u00bbstretch_row_content_no_spaces\u00a0\u00bb][vc_column][vc_empty_space height=\u00a0\u00bb100px\u00a0\u00bb css=\u00a0\u00bb.vc_custom_1573838010548{background-color: #636363 !important;}\u00a0\u00bb][\/vc_column][\/vc_row][vc_row full_width=\u00a0\u00bbstretch_row_content_no_spaces\u00a0\u00bb gap=\u00a0\u00bb20&Prime; content_placement=\u00a0\u00bbmiddle\u00a0\u00bb css=\u00a0\u00bb.vc_custom_1557223171581{padding-top: 40px !important;padding-bottom: 40px !important;background-color: #dddddd !important;}\u00a0\u00bb el_class=\u00a0\u00bbbox-logos\u00a0\u00bb][vc_column width=\u00a0\u00bb1\/2&Prime;][vc_empty_space height=\u00a0\u00bb20px\u00a0\u00bb][vc_single_image image=\u00a0\u00bb5669996&Prime; img_size=\u00a0\u00bbfull\u00a0\u00bb alignment=\u00a0\u00bbcenter\u00a0\u00bb onclick=\u00a0\u00bbcustom_link\u00a0\u00bb img_link_target=\u00a0\u00bb_blank\u00a0\u00bb css_animation=\u00a0\u00bbfadeIn\u00a0\u00bb link=\u00a0\u00bbhttps:\/\/www.secure-hotel-booking.com\/smart\/Hotel-Cocorico\/2QMT\/fr\/\u00a0\u00bb][vc_empty_space height=\u00a0\u00bb20px\u00a0\u00bb][vc_column_text]\n<p style=\"text-align: center;\">H\u00d4TEL COCORICO<br \/>\nOuvert tous les jours[\/vc_column_text]<div class=\"norebro-button-sc btn-wrap text-center\" \n\tid=\"norebro-custom-69f2710eb34ff\"\n\t \n\t>\n\n\t<a href=\"https:\/\/www.secure-hotel-booking.com\/Hotel-Cocorico\/2QMT\/fr\/?_ga=2.5875699.1523421423.1659000109-1858416959.1659000109\" target=\"_blank\" \n\t\tclass=\"btn \">\n\n\t\t\n\t\t<span class=\"text\">\n\t\t\tR\u00e9server en ligne\t\t<\/span>\n\n\t\t\n\t\t\t<\/a>\n\n<\/div>[\/vc_column][vc_column width=\u00a0\u00bb1\/2&Prime;][vc_empty_space height=\u00a0\u00bb20px\u00a0\u00bb][vc_single_image image=\u00a0\u00bb5669996&Prime; img_size=\u00a0\u00bbfull\u00a0\u00bb alignment=\u00a0\u00bbcenter\u00a0\u00bb onclick=\u00a0\u00bbcustom_link\u00a0\u00bb img_link_target=\u00a0\u00bb_blank\u00a0\u00bb link=\u00a0\u00bbhttps:\/\/bookings.zenchef.com\/results?rid=360323&#038;fullscreen=1&#038;lang=fr\u00a0\u00bb][vc_empty_space height=\u00a0\u00bb20px\u00a0\u00bb][vc_column_text]\n<p style=\"text-align: center;\">RESTAURANT COCORICO<br \/>\nOuvert du mardi au samedi<br \/>\nde 17:00 \u00e0 22:00[\/vc_column_text]<div class=\"norebro-button-sc btn-wrap text-center\" \n\tid=\"norebro-custom-69f2710eb364e\"\n\t \n\t>\n\n\t<a href=\"https:\/\/bookings.zenchef.com\/results?rid=360323&#038;fullscreen=1&#038;lang=fr\" target=\"_blank\" \n\t\tclass=\"btn \">\n\n\t\t\n\t\t<span class=\"text\">\n\t\t\tR\u00e9server en ligne\t\t<\/span>\n\n\t\t\n\t\t\t<\/a>\n\n<\/div>[\/vc_column][\/vc_row][vc_row full_width=\u00a0\u00bbstretch_row_content_no_spaces\u00a0\u00bb][vc_column][vc_row_inner][vc_column_inner width=\u00a0\u00bb1\/4&Prime;][\/vc_column_inner][vc_column_inner width=\u00a0\u00bb1\/4&Prime;]<div class=\"norebro-button-sc btn-wrap text-left\" \n\tid=\"norebro-custom-69f2710eb377a\"\n\t data-aos=\"zoom-in\" \n\t>\n\n\t<a href=\"tel:+35(1)222013971%20\" target=\"_blank\" \n\t\tclass=\"btn \">\n\n\t\t\n\t\t<span class=\"text\">\n\t\t\tR\u00e9server par t\u00e9l\u00e9phone\t\t<\/span>\n\n\t\t\n\t\t\t<\/a>\n\n<\/div>[\/vc_column_inner][vc_column_inner width=\u00a0\u00bb1\/4&Prime;]<div class=\"norebro-button-sc btn-wrap text-right\" \n\tid=\"norebro-custom-69f2710eb3896\"\n\t data-aos=\"zoom-in\" \n\t>\n\n\t<a href=\"mailto:contacto@cocorico-porto.pt\" target=\"_blank\" \n\t\tclass=\"btn \">\n\n\t\t\n\t\t<span class=\"text\">\n\t\t\tR\u00e9server par mail\t\t<\/span>\n\n\t\t\n\t\t\t<\/a>\n\n<\/div>[\/vc_column_inner][vc_column_inner width=\u00a0\u00bb1\/4&Prime;][\/vc_column_inner][\/vc_row_inner][\/vc_column][\/vc_row][vc_row full_width=\u00a0\u00bbstretch_row_content_no_spaces\u00a0\u00bb][vc_column]<div class=\"norebro-heading-sc heading title-instagram text-center\"\n\tid=\"norebro-custom-69f2710eb39ad\" \n\t \n\t>\n\t\n\t\n\t\n\t<h3 class=\"title\">\n\t\tWe <svg class=\"heart\" viewBox=\"0 0 32 29.6\"><path d=\"M23.6,0c-3.4,0-6.3,2.7-7.6,5.6C14.7,2.7,11.8,0,8.4,0C3.8,0,0,3.8,0,8.4c0,9.4,9.5,11.9,16,21.2c6.1-9.3,16-12.1,16-21.2C32,3.8,28.2,0,23.6,0z\"\/><\/svg> Instagram\t<\/h3>\n\n\t\n\t\t\n<\/div>[vc_raw_html]JTVCaW5zdGFncmFtLWZlZWQlNUQ=[\/vc_raw_html][vc_empty_space height=\u00a0\u00bb40px\u00a0\u00bb][\/vc_column][\/vc_row]\n","protected":false},"excerpt":{"rendered":"<p>[vc_row full_width=\u00a0\u00bbstretch_row_content_no_spaces\u00a0\u00bb][vc_column][vc_empty_space height=\u00a0\u00bb100px\u00a0\u00bb css=\u00a0\u00bb.vc_custom_1573838010548{background-color: #636363 !important;}\u00a0\u00bb][\/vc_column][\/vc_row][vc_row full_width=\u00a0\u00bbstretch_row_content_no_spaces\u00a0\u00bb gap=\u00a0\u00bb20&Prime; content_placement=\u00a0\u00bbmiddle\u00a0\u00bb css=\u00a0\u00bb.vc_custom_1557223171581{padding-top: 40px !important;padding-bottom: 40px !important;background-color: #dddddd !important;}\u00a0\u00bb el_class=\u00a0\u00bbbox-logos\u00a0\u00bb][vc_column width=\u00a0\u00bb1\/2&Prime;][vc_empty_space height=\u00a0\u00bb20px\u00a0\u00bb][vc_single_image image=\u00a0\u00bb5669996&Prime; img_size=\u00a0\u00bbfull\u00a0\u00bb alignment=\u00a0\u00bbcenter\u00a0\u00bb onclick=\u00a0\u00bbcustom_link\u00a0\u00bb img_link_target=\u00a0\u00bb_blank\u00a0\u00bb css_animation=\u00a0\u00bbfadeIn\u00a0\u00bb link=\u00a0\u00bbhttps:\/\/www.secure-hotel-booking.com\/smart\/Hotel-Cocorico\/2QMT\/fr\/\u00a0\u00bb][vc_empty_space height=\u00a0\u00bb20px\u00a0\u00bb][vc_column_text] H\u00d4TEL COCORICO Ouvert tous les jours[\/vc_column_text][\/vc_column][vc_column width=\u00a0\u00bb1\/2&Prime;][vc_empty_space height=\u00a0\u00bb20px\u00a0\u00bb][vc_single_image image=\u00a0\u00bb5669996&Prime; img_size=\u00a0\u00bbfull\u00a0\u00bb alignment=\u00a0\u00bbcenter\u00a0\u00bb onclick=\u00a0\u00bbcustom_link\u00a0\u00bb img_link_target=\u00a0\u00bb_blank\u00a0\u00bb link=\u00a0\u00bbhttps:\/\/bookings.zenchef.com\/results?rid=360323&#038;fullscreen=1&#038;lang=fr\u00a0\u00bb][vc_empty_space height=\u00a0\u00bb20px\u00a0\u00bb][vc_column_text] RESTAURANT COCORICO Ouvert du mardi au samedi de 17:00 \u00e0 22:00[\/vc_column_text][\/vc_column][\/vc_row][vc_row full_width=\u00a0\u00bbstretch_row_content_no_spaces\u00a0\u00bb][vc_column][vc_row_inner][vc_column_inner width=\u00a0\u00bb1\/4&Prime;][\/vc_column_inner][vc_column_inner [&hellip;]<\/p>\n","protected":false},"author":1,"featured_media":0,"parent":0,"menu_order":0,"comment_status":"closed","ping_status":"closed","template":"","meta":{"inline_featured_image":false},"acf":[],"yoast_head":"<!-- This site is optimized with the Yoast SEO plugin v19.13 - https:\/\/yoast.com\/wordpress\/plugins\/seo\/ -->\n<title>R\u00e9servez votre s\u00e9jour - Cocorico Luxury GuestHouse &amp; Restaurant \u00e0 Porto<\/title>\n<meta name=\"description\" content=\"R\u00e9servez votre s\u00e9jour \u00e0 Porto en plein coeur historique. Notre restaurant aux airs de brasserie parisienne propose une cuisine fran\u00e7aise avec vins portugais\" \/>\n<meta name=\"robots\" content=\"index, follow, max-snippet:-1, max-image-preview:large, max-video-preview:-1\" \/>\n<link rel=\"canonical\" href=\"https:\/\/www.cocoricoporto.com\/fr\/reservation\/\" \/>\n<meta property=\"og:locale\" content=\"fr_FR\" \/>\n<meta property=\"og:type\" content=\"article\" \/>\n<meta property=\"og:title\" content=\"R\u00e9servez votre s\u00e9jour - Cocorico Luxury GuestHouse &amp; Restaurant \u00e0 Porto\" \/>\n<meta property=\"og:description\" content=\"R\u00e9servez votre s\u00e9jour \u00e0 Porto en plein coeur historique. Notre restaurant aux airs de brasserie parisienne propose une cuisine fran\u00e7aise avec vins portugais\" \/>\n<meta property=\"og:url\" content=\"https:\/\/www.cocoricoporto.com\/fr\/reservation\/\" \/>\n<meta property=\"og:site_name\" content=\"Cocorico - H\u00f4tel &amp; Restaurant \u00e0 Porto au Portugal\" \/>\n<meta property=\"article:publisher\" content=\"https:\/\/www.facebook.com\/DomainedeRabaTalence\/\" \/>\n<meta property=\"article:modified_time\" content=\"2022-12-20T15:46:09+00:00\" \/>\n<meta name=\"twitter:card\" content=\"summary_large_image\" \/>\n<meta name=\"twitter:label1\" content=\"Dur\u00e9e de lecture estim\u00e9e\" \/>\n\t<meta name=\"twitter:data1\" content=\"1 minute\" \/>\n<script type=\"application\/ld+json\" class=\"yoast-schema-graph\">{\"@context\":\"https:\/\/schema.org\",\"@graph\":[{\"@type\":\"WebPage\",\"@id\":\"https:\/\/www.cocoricoporto.com\/fr\/reservation\/\",\"url\":\"https:\/\/www.cocoricoporto.com\/fr\/reservation\/\",\"name\":\"R\u00e9servez votre s\u00e9jour - Cocorico Luxury GuestHouse & Restaurant \u00e0 Porto\",\"isPartOf\":{\"@id\":\"https:\/\/www.cocoricoporto.com\/fr\/#website\"},\"datePublished\":\"2019-05-02T12:21:56+00:00\",\"dateModified\":\"2022-12-20T15:46:09+00:00\",\"description\":\"R\u00e9servez votre s\u00e9jour \u00e0 Porto en plein coeur historique. Notre restaurant aux airs de brasserie parisienne propose une cuisine fran\u00e7aise avec vins portugais\",\"breadcrumb\":{\"@id\":\"https:\/\/www.cocoricoporto.com\/fr\/reservation\/#breadcrumb\"},\"inLanguage\":\"fr-FR\",\"potentialAction\":[{\"@type\":\"ReadAction\",\"target\":[\"https:\/\/www.cocoricoporto.com\/fr\/reservation\/\"]}]},{\"@type\":\"BreadcrumbList\",\"@id\":\"https:\/\/www.cocoricoporto.com\/fr\/reservation\/#breadcrumb\",\"itemListElement\":[{\"@type\":\"ListItem\",\"position\":1,\"name\":\"Accueil\",\"item\":\"https:\/\/www.cocoricoporto.com\/fr\/\"},{\"@type\":\"ListItem\",\"position\":2,\"name\":\"R\u00e9servation\"}]},{\"@type\":\"WebSite\",\"@id\":\"https:\/\/www.cocoricoporto.com\/fr\/#website\",\"url\":\"https:\/\/www.cocoricoporto.com\/fr\/\",\"name\":\"Cocorico - H\u00f4tel &amp; Restaurant \u00e0 Porto au Portugal\",\"description\":\"\",\"publisher\":{\"@id\":\"https:\/\/www.cocoricoporto.com\/fr\/#organization\"},\"potentialAction\":[{\"@type\":\"SearchAction\",\"target\":{\"@type\":\"EntryPoint\",\"urlTemplate\":\"https:\/\/www.cocoricoporto.com\/fr\/?s={search_term_string}\"},\"query-input\":\"required name=search_term_string\"}],\"inLanguage\":\"fr-FR\"},{\"@type\":\"Organization\",\"@id\":\"https:\/\/www.cocoricoporto.com\/fr\/#organization\",\"name\":\"Cocorico\",\"url\":\"https:\/\/www.cocoricoporto.com\/fr\/\",\"logo\":{\"@type\":\"ImageObject\",\"inLanguage\":\"fr-FR\",\"@id\":\"https:\/\/www.cocoricoporto.com\/fr\/#\/schema\/logo\/image\/\",\"url\":\"\",\"contentUrl\":\"\",\"caption\":\"Cocorico\"},\"image\":{\"@id\":\"https:\/\/www.cocoricoporto.com\/fr\/#\/schema\/logo\/image\/\"},\"sameAs\":[\"https:\/\/www.instagram.com\/domaine_de_raba\/\",\"https:\/\/www.facebook.com\/DomainedeRabaTalence\/\"]}]}<\/script>\n<!-- \/ Yoast SEO plugin. -->","yoast_head_json":{"title":"R\u00e9servez votre s\u00e9jour - Cocorico Luxury GuestHouse & Restaurant \u00e0 Porto","description":"R\u00e9servez votre s\u00e9jour \u00e0 Porto en plein coeur historique. Notre restaurant aux airs de brasserie parisienne propose une cuisine fran\u00e7aise avec vins portugais","robots":{"index":"index","follow":"follow","max-snippet":"max-snippet:-1","max-image-preview":"max-image-preview:large","max-video-preview":"max-video-preview:-1"},"canonical":"https:\/\/www.cocoricoporto.com\/fr\/reservation\/","og_locale":"fr_FR","og_type":"article","og_title":"R\u00e9servez votre s\u00e9jour - Cocorico Luxury GuestHouse & Restaurant \u00e0 Porto","og_description":"R\u00e9servez votre s\u00e9jour \u00e0 Porto en plein coeur historique. Notre restaurant aux airs de brasserie parisienne propose une cuisine fran\u00e7aise avec vins portugais","og_url":"https:\/\/www.cocoricoporto.com\/fr\/reservation\/","og_site_name":"Cocorico - H\u00f4tel &amp; Restaurant \u00e0 Porto au Portugal","article_publisher":"https:\/\/www.facebook.com\/DomainedeRabaTalence\/","article_modified_time":"2022-12-20T15:46:09+00:00","twitter_card":"summary_large_image","twitter_misc":{"Dur\u00e9e de lecture estim\u00e9e":"1 minute"},"schema":{"@context":"https:\/\/schema.org","@graph":[{"@type":"WebPage","@id":"https:\/\/www.cocoricoporto.com\/fr\/reservation\/","url":"https:\/\/www.cocoricoporto.com\/fr\/reservation\/","name":"R\u00e9servez votre s\u00e9jour - Cocorico Luxury GuestHouse & Restaurant \u00e0 Porto","isPartOf":{"@id":"https:\/\/www.cocoricoporto.com\/fr\/#website"},"datePublished":"2019-05-02T12:21:56+00:00","dateModified":"2022-12-20T15:46:09+00:00","description":"R\u00e9servez votre s\u00e9jour \u00e0 Porto en plein coeur historique. Notre restaurant aux airs de brasserie parisienne propose une cuisine fran\u00e7aise avec vins portugais","breadcrumb":{"@id":"https:\/\/www.cocoricoporto.com\/fr\/reservation\/#breadcrumb"},"inLanguage":"fr-FR","potentialAction":[{"@type":"ReadAction","target":["https:\/\/www.cocoricoporto.com\/fr\/reservation\/"]}]},{"@type":"BreadcrumbList","@id":"https:\/\/www.cocoricoporto.com\/fr\/reservation\/#breadcrumb","itemListElement":[{"@type":"ListItem","position":1,"name":"Accueil","item":"https:\/\/www.cocoricoporto.com\/fr\/"},{"@type":"ListItem","position":2,"name":"R\u00e9servation"}]},{"@type":"WebSite","@id":"https:\/\/www.cocoricoporto.com\/fr\/#website","url":"https:\/\/www.cocoricoporto.com\/fr\/","name":"Cocorico - H\u00f4tel &amp; Restaurant \u00e0 Porto au Portugal","description":"","publisher":{"@id":"https:\/\/www.cocoricoporto.com\/fr\/#organization"},"potentialAction":[{"@type":"SearchAction","target":{"@type":"EntryPoint","urlTemplate":"https:\/\/www.cocoricoporto.com\/fr\/?s={search_term_string}"},"query-input":"required name=search_term_string"}],"inLanguage":"fr-FR"},{"@type":"Organization","@id":"https:\/\/www.cocoricoporto.com\/fr\/#organization","name":"Cocorico","url":"https:\/\/www.cocoricoporto.com\/fr\/","logo":{"@type":"ImageObject","inLanguage":"fr-FR","@id":"https:\/\/www.cocoricoporto.com\/fr\/#\/schema\/logo\/image\/","url":"","contentUrl":"","caption":"Cocorico"},"image":{"@id":"https:\/\/www.cocoricoporto.com\/fr\/#\/schema\/logo\/image\/"},"sameAs":["https:\/\/www.instagram.com\/domaine_de_raba\/","https:\/\/www.facebook.com\/DomainedeRabaTalence\/"]}]}},"_links":{"self":[{"href":"https:\/\/www.cocoricoporto.com\/fr\/wp-json\/wp\/v2\/pages\/5667525"}],"collection":[{"href":"https:\/\/www.cocoricoporto.com\/fr\/wp-json\/wp\/v2\/pages"}],"about":[{"href":"https:\/\/www.cocoricoporto.com\/fr\/wp-json\/wp\/v2\/types\/page"}],"author":[{"embeddable":true,"href":"https:\/\/www.cocoricoporto.com\/fr\/wp-json\/wp\/v2\/users\/1"}],"replies":[{"embeddable":true,"href":"https:\/\/www.cocoricoporto.com\/fr\/wp-json\/wp\/v2\/comments?post=5667525"}],"version-history":[{"count":7,"href":"https:\/\/www.cocoricoporto.com\/fr\/wp-json\/wp\/v2\/pages\/5667525\/revisions"}],"predecessor-version":[{"id":5670117,"href":"https:\/\/www.cocoricoporto.com\/fr\/wp-json\/wp\/v2\/pages\/5667525\/revisions\/5670117"}],"wp:attachment":[{"href":"https:\/\/www.cocoricoporto.com\/fr\/wp-json\/wp\/v2\/media?parent=5667525"}],"curies":[{"name":"wp","href":"https:\/\/api.w.org\/{rel}","templated":true}]}}